{"id":134,"date":"2022-03-21T18:06:34","date_gmt":"2022-03-21T13:06:34","guid":{"rendered":"https:\/\/concepto.dk\/?page_id=134"},"modified":"2022-05-27T14:09:41","modified_gmt":"2022-05-27T09:09:41","slug":"accounting","status":"publish","type":"page","link":"https:\/\/concepto.dk\/?page_id=134","title":{"rendered":"Bogf\u00f8ring"},"content":{"rendered":"<p>[et_pb_section fb_built=&#8221;1&#8243; admin_label=&#8221;CTA Section&#8221; _builder_version=&#8221;4.3.3&#8243; use_background_color_gradient=&#8221;on&#8221; background_color_gradient_start=&#8221;rgba(242,246,249,0)&#8221; background_color_gradient_end=&#8221;#f2f6f9&#8243; background_color_gradient_direction=&#8221;90deg&#8221; background_color_gradient_start_position=&#8221;75%&#8221; background_color_gradient_end_position=&#8221;75%&#8221; custom_padding=&#8221;60px|0px|60px|0px|false|false&#8221; animation_style=&#8221;slide&#8221; animation_direction=&#8221;right&#8221; animation_intensity_slide=&#8221;1%&#8221; saved_tabs=&#8221;all&#8221;][et_pb_row column_structure=&#8221;1_2,1_2&#8243; use_custom_gutter=&#8221;on&#8221; custom_padding_last_edited=&#8221;off|desktop&#8221; admin_label=&#8221;CTA Row&#8221; _builder_version=&#8221;3.25&#8243; background_color_gradient_direction=&#8221;90deg&#8221; width=&#8221;100%&#8221; max_width=&#8221;100%&#8221; module_alignment=&#8221;center&#8221; custom_padding=&#8221;|||&#8221; custom_padding_tablet=&#8221;120px|||&#8221; custom_padding_phone=&#8221;120px|0px|0px|0px&#8221; use_custom_width=&#8221;on&#8221; width_unit=&#8221;off&#8221; custom_width_percent=&#8221;100%&#8221;][et_pb_column type=&#8221;1_2&#8243; _builder_version=&#8221;3.25&#8243; custom_padding=&#8221;80px|||12%&#8221; custom_padding_tablet=&#8221;|10%||10%&#8221; custom_padding_phone=&#8221;&#8221; custom_padding_last_edited=&#8221;on|tablet&#8221; custom_padding__hover=&#8221;|||&#8221;][et_pb_text _builder_version=&#8221;3.27.4&#8243; text_font=&#8221;||||||||&#8221; header_font=&#8221;||||||||&#8221; header_2_font=&#8221;Montserrat||||||||&#8221; header_2_font_size=&#8221;40px&#8221; header_2_line_height=&#8221;1.5em&#8221; max_width=&#8221;800px&#8221; custom_margin=&#8221;||20px|&#8221; custom_padding=&#8221;|||&#8221; custom_padding_tablet=&#8221;0px|10%||70px&#8221; custom_padding_phone=&#8221;0px|10%||50px&#8221; custom_padding_last_edited=&#8221;off|desktop&#8221; header_2_font_size_tablet=&#8221;35px&#8221; header_2_font_size_phone=&#8221;35px&#8221; header_2_font_size_last_edited=&#8221;on|phone&#8221; header_2_line_height_tablet=&#8221;1em&#8221; header_2_line_height_phone=&#8221;1.4em&#8221; header_2_line_height_last_edited=&#8221;off|desktop&#8221;]<\/p>\n<h2><b>Outsource dit regnskab<\/b><\/h2>\n<p>[\/et_pb_text][et_pb_text _builder_version=&#8221;4.3.3&#8243; text_font=&#8221;Montserrat||||||||&#8221; text_font_size=&#8221;16px&#8221; text_line_height=&#8221;2.2em&#8221; header_font=&#8221;||||||||&#8221; header_2_font=&#8221;Montserrat||||||||&#8221; header_2_text_color=&#8221;#21323d&#8221; header_2_font_size=&#8221;40px&#8221; max_width=&#8221;800px&#8221; custom_margin=&#8221;|||&#8221; custom_padding=&#8221;|||&#8221; custom_padding_tablet=&#8221;|100px||70px&#8221; custom_padding_phone=&#8221;|||50px&#8221; custom_padding_last_edited=&#8221;off|desktop&#8221; text_line_height_last_edited=&#8221;off|desktop&#8221;]<\/p>\n<p><span style=\"font-weight: 400;\">Du skal kunne stole p\u00e5 dit regnskab, is\u00e6r n\u00e5r der skal tr\u00e6ffes vigtige beslutninger. Du skal kunne handle l\u00f8bende baseret p\u00e5 tallene i dit regnskab.\u00a0<\/span><\/p>\n<p><span style=\"font-weight: 400;\">Som kunde hos Concepto.dk sikrer vi,\u00a0 at dit regnskab altid er up to date, s\u00e5 du kan styre din virksomhed mod m\u00e5let. Vi hj\u00e6lper med at lave et digitalt setup og h\u00e5ndtere den daglige bogf\u00f8ring, s\u00e5 det kr\u00e6ver minimalt af din og ledelsens opm\u00e6rksomhed og samtidig giver mere ro i maven.<\/span><\/p>\n<p>[\/et_pb_text][et_pb_button button_url=&#8221;https:\/\/concepto.dk\/?page_id=111&#8243; button_text=&#8221;Kontakt os&#8221; button_alignment=&#8221;left&#8221; _builder_version=&#8221;4.3.3&#8243; custom_button=&#8221;on&#8221; button_text_size=&#8221;14px&#8221; button_text_color=&#8221;#ffffff&#8221; button_bg_color=&#8221;#f6961b&#8221; button_border_width=&#8221;12px&#8221; button_border_color=&#8221;#f6961b&#8221; button_border_radius=&#8221;2px&#8221; button_letter_spacing=&#8221;0px&#8221; button_font=&#8221;Montserrat|700||on|||||&#8221; custom_margin=&#8221;30px|||&#8221; custom_margin_tablet=&#8221;||120px|70px&#8221; custom_margin_phone=&#8221;||120px|50px&#8221; custom_margin_last_edited=&#8221;off|desktop&#8221; custom_padding=&#8221;|||&#8221; button_border_radius_hover=&#8221;4px&#8221; button_text_size__hover_enabled=&#8221;off&#8221; button_one_text_size__hover_enabled=&#8221;off&#8221; button_two_text_size__hover_enabled=&#8221;off&#8221; button_text_color__hover_enabled=&#8221;off&#8221; button_one_text_color__hover_enabled=&#8221;off&#8221; button_two_text_color__hover_enabled=&#8221;off&#8221; button_border_width__hover_enabled=&#8221;off&#8221; button_one_border_width__hover_enabled=&#8221;off&#8221; button_two_border_width__hover_enabled=&#8221;off&#8221; button_border_color__hover_enabled=&#8221;off&#8221; button_one_border_color__hover_enabled=&#8221;off&#8221; button_two_border_color__hover_enabled=&#8221;off&#8221; button_border_radius__hover_enabled=&#8221;on&#8221; button_border_radius__hover=&#8221;4px&#8221; button_one_border_radius__hover_enabled=&#8221;off&#8221; button_two_border_radius__hover_enabled=&#8221;off&#8221; button_letter_spacing__hover_enabled=&#8221;off&#8221; button_one_letter_spacing__hover_enabled=&#8221;off&#8221; button_two_letter_spacing__hover_enabled=&#8221;off&#8221; button_bg_color__hover_enabled=&#8221;off&#8221; button_one_bg_color__hover_enabled=&#8221;off&#8221; button_two_bg_color__hover_enabled=&#8221;off&#8221;][\/et_pb_button][\/et_pb_column][et_pb_column type=&#8221;1_2&#8243; _builder_version=&#8221;3.25&#8243; custom_padding=&#8221;|||&#8221; custom_padding__hover=&#8221;|||&#8221;][et_pb_image src=&#8221;https:\/\/concepto.dk\/wp-content\/uploads\/2022\/04\/people-gac4d87b0c_1920.jpg&#8221; align_tablet=&#8221;center&#8221; align_phone=&#8221;&#8221; align_last_edited=&#8221;on|desktop&#8221; _builder_version=&#8221;4.3.3&#8243; background_size=&#8221;contain&#8221; background_position=&#8221;center_right&#8221; custom_margin=&#8221;|||&#8221; custom_margin_tablet=&#8221;|60px||60px&#8221; custom_margin_phone=&#8221;100px|||&#8221; custom_margin_last_edited=&#8221;on|tablet&#8221; custom_padding=&#8221;|||&#8221; box_shadow_style=&#8221;preset3&#8243; box_shadow_horizontal=&#8221;-40px&#8221; box_shadow_vertical=&#8221;40px&#8221; box_shadow_blur=&#8221;120px&#8221; box_shadow_spread=&#8221;-24px&#8221; box_shadow_color=&#8221;rgba(67,96,124,0.5)&#8221;][\/et_pb_image][\/et_pb_column][\/et_pb_row][\/et_pb_section][et_pb_section fb_built=&#8221;1&#8243; _builder_version=&#8221;4.3.3&#8243;][et_pb_row _builder_version=&#8221;4.3.3&#8243;][et_pb_column type=&#8221;4_4&#8243; _builder_version=&#8221;4.3.3&#8243;][et_pb_contact_form email=&#8221;peter@concepto.dk&#8221; title=&#8221;Kontakt&#8221; custom_message=&#8221;Company: %%Virksomhed%%||et_pb_line_break_holder||Name: %%Navn%%||et_pb_line_break_holder||Phone: %%Mobil%%||et_pb_line_break_holder||E-Mail: %%Email%%||et_pb_line_break_holder||||et_pb_line_break_holder||Message:-||et_pb_line_break_holder||%%Besked%%&#8221; success_message=&#8221;Tak for din besked!&#8221; submit_button_text=&#8221;Send&#8221; _builder_version=&#8221;4.3.3&#8243; custom_button=&#8221;on&#8221; button_text_color=&#8221;#ffffff&#8221; button_bg_color=&#8221;#e09900&#8243; hover_enabled=&#8221;0&#8243;][et_pb_contact_field field_id=&#8221;Virksomhed&#8221; field_title=&#8221;Virksomhed&#8221; _builder_version=&#8221;4.3.3&#8243;][\/et_pb_contact_field][et_pb_contact_field field_id=&#8221;Navn&#8221; field_title=&#8221;Navn&#8221; _builder_version=&#8221;4.3.3&#8243; button_text_size__hover_enabled=&#8221;off&#8221; button_one_text_size__hover_enabled=&#8221;off&#8221; button_two_text_size__hover_enabled=&#8221;off&#8221; button_text_color__hover_enabled=&#8221;off&#8221; button_one_text_color__hover_enabled=&#8221;off&#8221; button_two_text_color__hover_enabled=&#8221;off&#8221; button_border_width__hover_enabled=&#8221;off&#8221; button_one_border_width__hover_enabled=&#8221;off&#8221; button_two_border_width__hover_enabled=&#8221;off&#8221; button_border_color__hover_enabled=&#8221;off&#8221; button_one_border_color__hover_enabled=&#8221;off&#8221; button_two_border_color__hover_enabled=&#8221;off&#8221; button_border_radius__hover_enabled=&#8221;off&#8221; button_one_border_radius__hover_enabled=&#8221;off&#8221; button_two_border_radius__hover_enabled=&#8221;off&#8221; button_letter_spacing__hover_enabled=&#8221;off&#8221; button_one_letter_spacing__hover_enabled=&#8221;off&#8221; button_two_letter_spacing__hover_enabled=&#8221;off&#8221; button_bg_color__hover_enabled=&#8221;off&#8221; button_one_bg_color__hover_enabled=&#8221;off&#8221; button_two_bg_color__hover_enabled=&#8221;off&#8221;][\/et_pb_contact_field][et_pb_contact_field field_id=&#8221;Mobil&#8221; field_title=&#8221;Mobil&#8221; _builder_version=&#8221;4.3.3&#8243;][\/et_pb_contact_field][et_pb_contact_field field_id=&#8221;Email&#8221; field_title=&#8221;Email&#8221; field_type=&#8221;email&#8221; _builder_version=&#8221;4.3.3&#8243; button_text_size__hover_enabled=&#8221;off&#8221; button_one_text_size__hover_enabled=&#8221;off&#8221; button_two_text_size__hover_enabled=&#8221;off&#8221; button_text_color__hover_enabled=&#8221;off&#8221; button_one_text_color__hover_enabled=&#8221;off&#8221; button_two_text_color__hover_enabled=&#8221;off&#8221; button_border_width__hover_enabled=&#8221;off&#8221; button_one_border_width__hover_enabled=&#8221;off&#8221; button_two_border_width__hover_enabled=&#8221;off&#8221; button_border_color__hover_enabled=&#8221;off&#8221; button_one_border_color__hover_enabled=&#8221;off&#8221; button_two_border_color__hover_enabled=&#8221;off&#8221; button_border_radius__hover_enabled=&#8221;off&#8221; button_one_border_radius__hover_enabled=&#8221;off&#8221; button_two_border_radius__hover_enabled=&#8221;off&#8221; button_letter_spacing__hover_enabled=&#8221;off&#8221; button_one_letter_spacing__hover_enabled=&#8221;off&#8221; button_two_letter_spacing__hover_enabled=&#8221;off&#8221; button_bg_color__hover_enabled=&#8221;off&#8221; button_one_bg_color__hover_enabled=&#8221;off&#8221; button_two_bg_color__hover_enabled=&#8221;off&#8221;][\/et_pb_contact_field][et_pb_contact_field field_id=&#8221;Besked&#8221; field_title=&#8221;Besked&#8221; field_type=&#8221;text&#8221; fullwidth_field=&#8221;on&#8221; _builder_version=&#8221;4.3.3&#8243; button_text_size__hover_enabled=&#8221;off&#8221; button_one_text_size__hover_enabled=&#8221;off&#8221; button_two_text_size__hover_enabled=&#8221;off&#8221; button_text_color__hover_enabled=&#8221;off&#8221; button_one_text_color__hover_enabled=&#8221;off&#8221; button_two_text_color__hover_enabled=&#8221;off&#8221; button_border_width__hover_enabled=&#8221;off&#8221; button_one_border_width__hover_enabled=&#8221;off&#8221; button_two_border_width__hover_enabled=&#8221;off&#8221; button_border_color__hover_enabled=&#8221;off&#8221; button_one_border_color__hover_enabled=&#8221;off&#8221; button_two_border_color__hover_enabled=&#8221;off&#8221; button_border_radius__hover_enabled=&#8221;off&#8221; button_one_border_radius__hover_enabled=&#8221;off&#8221; button_two_border_radius__hover_enabled=&#8221;off&#8221; button_letter_spacing__hover_enabled=&#8221;off&#8221; button_one_letter_spacing__hover_enabled=&#8221;off&#8221; button_two_letter_spacing__hover_enabled=&#8221;off&#8221; button_bg_color__hover_enabled=&#8221;off&#8221; button_one_bg_color__hover_enabled=&#8221;off&#8221; button_two_bg_color__hover_enabled=&#8221;off&#8221;][\/et_pb_contact_field][\/et_pb_contact_form][\/et_pb_column][\/et_pb_row][\/et_pb_section]<\/p>\n","protected":false},"excerpt":{"rendered":"<p>[et_pb_section fb_built=&#8221;1&#8243; admin_label=&#8221;CTA Section&#8221; _builder_version=&#8221;4.3.3&#8243; use_background_color_gradient=&#8221;on&#8221; background_color_gradient_start=&#8221;rgba(242,246,249,0)&#8221; background_color_gradient_end=&#8221;#f2f6f9&#8243; background_color_gradient_direction=&#8221;90deg&#8221; background_color_gradient_start_position=&#8221;75%&#8221; background_color_gradient_end_position=&#8221;75%&#8221; custom_padding=&#8221;60px|0px|60px|0px|false|false&#8221; animation_style=&#8221;slide&#8221; animation_direction=&#8221;right&#8221; animation_intensity_slide=&#8221;1%&#8221; saved_tabs=&#8221;all&#8221;][et_pb_row column_structure=&#8221;1_2,1_2&#8243; use_custom_gutter=&#8221;on&#8221; custom_padding_last_edited=&#8221;off|desktop&#8221; admin_label=&#8221;CTA Row&#8221; _builder_version=&#8221;3.25&#8243; background_color_gradient_direction=&#8221;90deg&#8221; width=&#8221;100%&#8221; max_width=&#8221;100%&#8221; module_alignment=&#8221;center&#8221; custom_padding=&#8221;|||&#8221; custom_padding_tablet=&#8221;120px|||&#8221; custom_padding_phone=&#8221;120px|0px|0px|0px&#8221; use_custom_width=&#8221;on&#8221; width_unit=&#8221;off&#8221; custom_width_percent=&#8221;100%&#8221;][et_pb_column type=&#8221;1_2&#8243; _builder_version=&#8221;3.25&#8243; custom_padding=&#8221;80px|||12%&#8221; custom_padding_tablet=&#8221;|10%||10%&#8221; custom_padding_phone=&#8221;&#8221; custom_padding_last_edited=&#8221;on|tablet&#8221; custom_padding__hover=&#8221;|||&#8221;][et_pb_text _builder_version=&#8221;3.27.4&#8243; text_font=&#8221;||||||||&#8221; header_font=&#8221;||||||||&#8221; header_2_font=&#8221;Montserrat||||||||&#8221; header_2_font_size=&#8221;40px&#8221; header_2_line_height=&#8221;1.5em&#8221; max_width=&#8221;800px&#8221; custom_margin=&#8221;||20px|&#8221; custom_padding=&#8221;|||&#8221; custom_padding_tablet=&#8221;0px|10%||70px&#8221; custom_padding_phone=&#8221;0px|10%||50px&#8221; custom_padding_last_edited=&#8221;off|desktop&#8221; header_2_font_size_tablet=&#8221;35px&#8221; header_2_font_size_phone=&#8221;35px&#8221; header_2_font_size_last_edited=&#8221;on|phone&#8221; header_2_line_height_tablet=&#8221;1em&#8221; [&hellip;]<\/p>\n","protected":false},"author":1,"featured_media":0,"parent":0,"menu_order":0,"comment_status":"closed","ping_status":"closed","template":"","meta":{"_et_pb_use_builder":"on","_et_pb_old_content":"","_et_gb_content_width":""},"_links":{"self":[{"href":"https:\/\/concepto.dk\/index.php?rest_route=\/wp\/v2\/pages\/134"}],"collection":[{"href":"https:\/\/concepto.dk\/index.php?rest_route=\/wp\/v2\/pages"}],"about":[{"href":"https:\/\/concepto.dk\/index.php?rest_route=\/wp\/v2\/types\/page"}],"author":[{"embeddable":true,"href":"https:\/\/concepto.dk\/index.php?rest_route=\/wp\/v2\/users\/1"}],"replies":[{"embeddable":true,"href":"https:\/\/concepto.dk\/index.php?rest_route=%2Fwp%2Fv2%2Fcomments&post=134"}],"version-history":[{"count":16,"href":"https:\/\/concepto.dk\/index.php?rest_route=\/wp\/v2\/pages\/134\/revisions"}],"predecessor-version":[{"id":275,"href":"https:\/\/concepto.dk\/index.php?rest_route=\/wp\/v2\/pages\/134\/revisions\/275"}],"wp:attachment":[{"href":"https:\/\/concepto.dk\/index.php?rest_route=%2Fwp%2Fv2%2Fmedia&parent=134"}],"curies":[{"name":"wp","href":"https:\/\/api.w.org\/{rel}","templated":true}]}}