{"id":122,"date":"2022-03-21T17:56:36","date_gmt":"2022-03-21T12:56:36","guid":{"rendered":"https:\/\/concepto.dk\/?page_id=122"},"modified":"2022-05-24T14:13:39","modified_gmt":"2022-05-24T09:13:39","slug":"about-us","status":"publish","type":"page","link":"https:\/\/concepto.dk\/?page_id=122","title":{"rendered":"Om os"},"content":{"rendered":"<p>[et_pb_section fb_built=&#8221;1&#8243; disabled_on=&#8221;off|off|off&#8221; admin_label=&#8221;Header Section&#8221; _builder_version=&#8221;4.3.3&#8243; use_background_color_gradient=&#8221;on&#8221; background_color_gradient_start=&#8221;rgba(20,61,88,0.65)&#8221; background_color_gradient_end=&#8221;#143d58&#8243; background_color_gradient_overlays_image=&#8221;on&#8221; background_image=&#8221;https:\/\/concepto.dk\/wp-content\/uploads\/2022\/04\/business-g9f8abeaea_1920.jpg&#8221; custom_margin=&#8221;|||&#8221; custom_padding=&#8221;6vw|0px|6vw|0px&#8221; bottom_divider_style=&#8221;mountains2&#8243; bottom_divider_color=&#8221;rgba(5,41,66,0.3)&#8221; bottom_divider_height=&#8221;20vw&#8221; animation_style=&#8221;slide&#8221; animation_direction=&#8221;top&#8221; animation_intensity_slide=&#8221;3%&#8221; animation_starting_opacity=&#8221;100%&#8221;][et_pb_row disabled_on=&#8221;off|off|off&#8221; module_class=&#8221; et_pb_row_fullwidth&#8221; _builder_version=&#8221;3.25&#8243; width=&#8221;89%&#8221; width_tablet=&#8221;80%&#8221; width_phone=&#8221;&#8221; width_last_edited=&#8221;on|desktop&#8221; max_width=&#8221;89%&#8221; max_width_tablet=&#8221;80%&#8221; max_width_phone=&#8221;&#8221; max_width_last_edited=&#8221;on|desktop&#8221; custom_padding=&#8221;|||&#8221; make_fullwidth=&#8221;on&#8221;][et_pb_column type=&#8221;4_4&#8243; _builder_version=&#8221;3.25&#8243; custom_padding=&#8221;|||&#8221; custom_padding__hover=&#8221;|||&#8221;][et_pb_text disabled_on=&#8221;off|off|off&#8221; _builder_version=&#8221;3.27.4&#8243; text_font=&#8221;Montserrat||||||||&#8221; text_font_size=&#8221;22px&#8221; text_line_height=&#8221;1.8em&#8221; header_font=&#8221;Montserrat|600||on|||||&#8221; header_text_align=&#8221;center&#8221; header_font_size=&#8221;8vw&#8221; header_line_height=&#8221;1.5em&#8221; text_orientation=&#8221;center&#8221; background_layout=&#8221;dark&#8221; custom_margin=&#8221;|||&#8221; header_font_size_tablet=&#8221;50px&#8221; header_font_size_phone=&#8221;&#8221; header_font_size_last_edited=&#8221;on|desktop&#8221; header_line_height_tablet=&#8221;1.1em&#8221; header_line_height_phone=&#8221;1.2em&#8221; header_line_height_last_edited=&#8221;off|desktop&#8221;]<\/p>\n<h1>Om os<\/h1>\n<p>Processer i h\u00f8js\u00e6det[\/et_pb_text][et_pb_button button_text=&#8221;book en aftale&#8221; button_alignment=&#8221;center&#8221; _builder_version=&#8221;3.16&#8243; custom_button=&#8221;on&#8221; button_text_size=&#8221;14px&#8221; button_text_color=&#8221;#ffffff&#8221; button_bg_color=&#8221;#f6961b&#8221; button_border_width=&#8221;12px&#8221; button_border_color=&#8221;#f6961b&#8221; button_border_radius=&#8221;2px&#8221; button_letter_spacing=&#8221;0px&#8221; button_font=&#8221;Montserrat|700||on|||||&#8221; custom_margin=&#8221;30px|||&#8221; custom_padding=&#8221;|||&#8221; button_border_radius_hover=&#8221;4px&#8221; button_text_size__hover_enabled=&#8221;off&#8221; button_one_text_size__hover_enabled=&#8221;off&#8221; button_two_text_size__hover_enabled=&#8221;off&#8221; button_text_color__hover_enabled=&#8221;off&#8221; button_one_text_color__hover_enabled=&#8221;off&#8221; button_two_text_color__hover_enabled=&#8221;off&#8221; button_border_width__hover_enabled=&#8221;off&#8221; button_one_border_width__hover_enabled=&#8221;off&#8221; button_two_border_width__hover_enabled=&#8221;off&#8221; button_border_color__hover_enabled=&#8221;off&#8221; button_one_border_color__hover_enabled=&#8221;off&#8221; button_two_border_color__hover_enabled=&#8221;off&#8221; button_border_radius__hover_enabled=&#8221;on&#8221; button_border_radius__hover=&#8221;4px&#8221; button_one_border_radius__hover_enabled=&#8221;off&#8221; button_two_border_radius__hover_enabled=&#8221;off&#8221; button_letter_spacing__hover_enabled=&#8221;off&#8221; button_one_letter_spacing__hover_enabled=&#8221;off&#8221; button_two_letter_spacing__hover_enabled=&#8221;off&#8221; button_bg_color__hover_enabled=&#8221;off&#8221; button_one_bg_color__hover_enabled=&#8221;off&#8221; button_two_bg_color__hover_enabled=&#8221;off&#8221;][\/et_pb_button][\/et_pb_column][\/et_pb_row][\/et_pb_section][et_pb_section fb_built=&#8221;1&#8243; admin_label=&#8221;CEO Quote Section&#8221; _builder_version=&#8221;3.22&#8243; custom_padding=&#8221;100px|0px|100px|0px&#8221;][et_pb_row admin_label=&#8221;CEO Quote Row&#8221; _builder_version=&#8221;4.3.3&#8243;][et_pb_column type=&#8221;4_4&#8243; _builder_version=&#8221;3.25&#8243; custom_padding=&#8221;|||&#8221; custom_padding__hover=&#8221;|||&#8221;][et_pb_blurb title=&#8221;Fredrik Dudek&#8221; image=&#8221;https:\/\/concepto.dk\/wp-content\/uploads\/2022\/03\/IMG_0171.jpg&#8221; image_max_width=&#8221;50px&#8221; admin_label=&#8221;Client Info &#038; Avatar&#8221; _builder_version=&#8221;4.3.3&#8243; header_font=&#8221;Montserrat||||||||&#8221; header_line_height=&#8221;1.5em&#8221; body_font=&#8221;Montserrat||||||||&#8221; text_orientation=&#8221;center&#8221; animation_style=&#8221;slide&#8221; animation_direction=&#8221;top&#8221; animation_intensity_slide=&#8221;10%&#8221; border_radii_image=&#8221;on|100px|100px|100px|100px&#8221; box_shadow_style_image=&#8221;preset3&#8243; locked=&#8221;off&#8221;]<\/p>\n<p style=\"text-align: center;\">COO og Partner<\/p>\n<p>[\/et_pb_blurb][et_pb_text admin_label=&#8221;CEO Quote&#8221; _builder_version=&#8221;3.27.4&#8243; text_font=&#8221;Montserrat||||||||&#8221; text_font_size=&#8221;21px&#8221; text_line_height=&#8221;1.6em&#8221; header_font=&#8221;||||||||&#8221; header_4_font=&#8221;||||||||&#8221; text_orientation=&#8221;center&#8221; max_width=&#8221;700px&#8221; module_alignment=&#8221;center&#8221; custom_margin=&#8221;|||&#8221; custom_padding=&#8221;|||&#8221;]<\/p>\n<p>Hos Concepto.dk s\u00e6tter vi kundernes hovedpiner i system og l\u00f8ser dem!\u00a0 Dette kan vi g\u00f8re med n\u00f8je beskrivelser af processer samt et pligtopfyldende personale der s\u00e6tter en \u00e6re i at aflevere kvalitet.<\/p>\n<p>[\/et_pb_text][\/et_pb_column][\/et_pb_row][\/et_pb_section][et_pb_section fb_built=&#8221;1&#8243; use_custom_gutter=&#8221;on&#8221; padding_top_1=&#8221;0px&#8221; padding_top_2=&#8221;80px&#8221; padding_right_2=&#8221;10%&#8221; padding_bottom_2=&#8221;0px&#8221; padding_2_tablet=&#8221;0px|||10%&#8221; padding_2_phone=&#8221;|||&#8221; _builder_version=&#8221;3.22&#8243; background_color_gradient_direction=&#8221;90deg&#8221; custom_margin=&#8221;|||&#8221; custom_margin_tablet=&#8221;80px|80px|80px|80px&#8221; custom_margin_last_edited=&#8221;off|desktop&#8221; custom_padding=&#8221;120px|0px|120px|0px&#8221; animation_style=&#8221;slide&#8221; animation_direction=&#8221;left&#8221; animation_intensity_slide=&#8221;1%&#8221; use_custom_width=&#8221;on&#8221; width_unit=&#8221;off&#8221; custom_width_percent=&#8221;100%&#8221;][et_pb_row column_structure=&#8221;1_2,1_2&#8243; _builder_version=&#8221;3.25&#8243; width=&#8221;100%&#8221; max_width=&#8221;100%&#8221; custom_padding=&#8221;27px|0|0px|0px&#8221; use_custom_width=&#8221;on&#8221; width_unit=&#8221;off&#8221; custom_width_percent=&#8221;100%&#8221;][et_pb_column type=&#8221;1_2&#8243; _builder_version=&#8221;3.25&#8243; custom_padding=&#8221;|||&#8221; custom_padding__hover=&#8221;|||&#8221;][et_pb_image src=&#8221;https:\/\/concepto.dk\/wp-content\/uploads\/2022\/04\/home-office-g4e07dc0d6_1920.jpg&#8221; show_bottom_space=&#8221;off&#8221; force_fullwidth=&#8221;on&#8221; align_tablet=&#8221;center&#8221; align_phone=&#8221;&#8221; align_last_edited=&#8221;on|desktop&#8221; _builder_version=&#8221;4.3.3&#8243; custom_margin=&#8221;|||&#8221; custom_margin_tablet=&#8221;|60px||60px&#8221; custom_margin_phone=&#8221;100px|||&#8221; custom_margin_last_edited=&#8221;on|tablet&#8221; custom_padding=&#8221;|||&#8221; box_shadow_style=&#8221;preset4&#8243; box_shadow_horizontal=&#8221;-80px&#8221; box_shadow_vertical=&#8221;-80px&#8221; box_shadow_color=&#8221;#f5f9fe&#8221; locked=&#8221;off&#8221;][\/et_pb_image][\/et_pb_column][et_pb_column type=&#8221;1_2&#8243; _builder_version=&#8221;3.25&#8243; custom_padding=&#8221;80px|10%||&#8221; custom_padding_tablet=&#8221;|||10%&#8221; custom_padding_phone=&#8221;&#8221; custom_padding_last_edited=&#8221;on|tablet&#8221; custom_padding__hover=&#8221;|||&#8221;][et_pb_text admin_label=&#8221;Title&#8221; _builder_version=&#8221;3.27.4&#8243; text_font=&#8221;||||||||&#8221; header_font=&#8221;||||||||&#8221; header_2_font=&#8221;Montserrat||||||||&#8221; header_2_font_size=&#8221;40px&#8221; header_2_line_height=&#8221;1.5em&#8221; custom_padding=&#8221;|||&#8221; header_2_font_size_tablet=&#8221;35px&#8221; header_2_font_size_phone=&#8221;35px&#8221; header_2_font_size_last_edited=&#8221;on|phone&#8221; header_2_line_height_tablet=&#8221;1em&#8221; header_2_line_height_phone=&#8221;1.4em&#8221; header_2_line_height_last_edited=&#8221;off|desktop&#8221; locked=&#8221;off&#8221;]<\/p>\n<h2>Om os<\/h2>\n<p>[\/et_pb_text][et_pb_text admin_label=&#8221;Paragraph&#8221; _builder_version=&#8221;3.27.4&#8243; text_font=&#8221;Montserrat||||||||&#8221; text_font_size=&#8221;15px&#8221; text_line_height=&#8221;2.2em&#8221; header_font=&#8221;||||||||&#8221; custom_margin=&#8221;|||&#8221; locked=&#8221;off&#8221;]<\/p>\n<h3>Vores historie<\/h3>\n<p><span style=\"font-weight: 400;\">Id\u00e9en bag Concepto startede, da vi med andre virksomheder har gennemg\u00e5et v\u00e6kstfaser hvor processerne ikke kunne f\u00f8lge med v\u00e6ksten af selskabet. Dette gjorde at ledelsens fokus var flyttet fra v\u00e6kst og styring til bilagsh\u00e5ndtering og mail udsendelser. Derfor blev det besluttet, at alle processer skulle gennemg\u00e5s og nedskrives p\u00e5 papir og derefter outsources. Dette gjorde at virksomhedens daglige drift blev automatiseret og samtidig gav ledelsen et overblik og r\u00e5derum til at fokusere p\u00e5 det der gav v\u00e6rdi for virksomheden.\u00a0<\/span><\/p>\n<p><span style=\"font-weight: 400;\">Da vi s\u00e5 effekten af den optimering, vidste vi at denne kunne henf\u00f8res til mange andre selskaber og herfra opstod id\u00e9en til Concepto.<\/span>[\/et_pb_text][et_pb_blurb title=&#8221;Kvalitet&#8221; image=&#8221;https:\/\/concepto.dk\/wp-content\/uploads\/2022\/03\/Check_Icon.jpg&#8221; icon_placement=&#8221;left&#8221; content_max_width=&#8221;100%&#8221; admin_label=&#8221;Service&#8221; _builder_version=&#8221;4.3.3&#8243; header_font=&#8221;Montserrat||||||||&#8221; header_text_color=&#8221;#5c6e7a&#8221; header_font_size=&#8221;15px&#8221; custom_padding=&#8221;|||&#8221; custom_padding_tablet=&#8221;||20px|&#8221; custom_padding_phone=&#8221;|||&#8221; custom_padding_last_edited=&#8221;off|desktop&#8221; locked=&#8221;off&#8221;][\/et_pb_blurb][et_pb_blurb title=&#8221;Punktlighed&#8221; image=&#8221;https:\/\/concepto.dk\/wp-content\/uploads\/2022\/03\/Check_Icon.jpg&#8221; icon_placement=&#8221;left&#8221; content_max_width=&#8221;100%&#8221; admin_label=&#8221;Service&#8221; _builder_version=&#8221;4.3.3&#8243; header_font=&#8221;Montserrat||||||||&#8221; header_text_color=&#8221;#5c6e7a&#8221; header_font_size=&#8221;15px&#8221; custom_padding=&#8221;|||&#8221; custom_padding_tablet=&#8221;||20px|&#8221; custom_padding_phone=&#8221;|||&#8221; custom_padding_last_edited=&#8221;off|desktop&#8221; locked=&#8221;off&#8221;][\/et_pb_blurb][et_pb_blurb title=&#8221;Frihed&#8221; image=&#8221;https:\/\/concepto.dk\/wp-content\/uploads\/2022\/03\/Check_Icon.jpg&#8221; icon_placement=&#8221;left&#8221; content_max_width=&#8221;100%&#8221; admin_label=&#8221;Service&#8221; _builder_version=&#8221;4.3.3&#8243; header_font=&#8221;Montserrat||||||||&#8221; header_text_color=&#8221;#5c6e7a&#8221; header_font_size=&#8221;15px&#8221; custom_margin=&#8221;||120px|&#8221; custom_padding=&#8221;|||&#8221; custom_padding_tablet=&#8221;||20px|&#8221; custom_padding_phone=&#8221;|||&#8221; custom_padding_last_edited=&#8221;off|desktop&#8221; locked=&#8221;off&#8221;][\/et_pb_blurb][\/et_pb_column][\/et_pb_row][\/et_pb_section][et_pb_section fb_built=&#8221;1&#8243; admin_label=&#8221;Members Section&#8221; _builder_version=&#8221;3.22&#8243; background_color=&#8221;#f2f6f9&#8243; custom_padding=&#8221;120px|0px|120px|0px&#8221;][et_pb_row admin_label=&#8221;Section Title Row&#8221; _builder_version=&#8221;3.25&#8243; custom_padding=&#8221;|||&#8221; border_color_bottom=&#8221;#e8e8e8&#8243;][et_pb_column type=&#8221;4_4&#8243; _builder_version=&#8221;3.25&#8243; custom_padding=&#8221;|||&#8221; custom_padding__hover=&#8221;|||&#8221;][et_pb_text admin_label=&#8221;Section Title&#8221; _builder_version=&#8221;3.27.4&#8243; text_font=&#8221;Montserrat||||||||&#8221; text_text_color=&#8221;#75848f&#8221; text_font_size=&#8221;18px&#8221; text_line_height=&#8221;1.8em&#8221; header_font=&#8221;||||||||&#8221; header_text_align=&#8221;center&#8221; header_line_height=&#8221;1.4em&#8221; header_2_font=&#8221;Montserrat||||||||&#8221; header_2_text_align=&#8221;center&#8221; header_2_font_size=&#8221;40px&#8221; header_2_line_height=&#8221;1.5em&#8221; text_orientation=&#8221;center&#8221; custom_margin=&#8221;|||&#8221; custom_padding=&#8221;|||&#8221; text_font_size_tablet=&#8221;16px&#8221; text_font_size_phone=&#8221;16px&#8221; text_font_size_last_edited=&#8221;on|desktop&#8221; header_2_font_size_tablet=&#8221;35px&#8221; header_2_font_size_phone=&#8221;35px&#8221; header_2_font_size_last_edited=&#8221;on|phone&#8221;]<\/p>\n<h2>Ansatte<\/h2>\n<h2><\/h2>\n<p>[\/et_pb_text][\/et_pb_column][\/et_pb_row][et_pb_row column_structure=&#8221;1_4,1_4,1_4,1_4&#8243; admin_label=&#8221;Members Row&#8221; _builder_version=&#8221;3.25&#8243; custom_padding=&#8221;|||&#8221;][et_pb_column type=&#8221;1_4&#8243; _builder_version=&#8221;3.25&#8243; custom_padding=&#8221;|||&#8221; custom_padding__hover=&#8221;|||&#8221;][\/et_pb_column][et_pb_column type=&#8221;1_4&#8243; _builder_version=&#8221;3.25&#8243; custom_padding=&#8221;|||&#8221; custom_padding__hover=&#8221;|||&#8221;][et_pb_blurb title=&#8221;Peter Mouritsen&#8221; image=&#8221;https:\/\/concepto.dk\/wp-content\/uploads\/2022\/04\/1516905654426.jpg&#8221; content_max_width=&#8221;431px&#8221; admin_label=&#8221;Member&#8221; _builder_version=&#8221;4.3.3&#8243; header_font=&#8221;Montserrat||||||||&#8221; header_line_height=&#8221;1.5em&#8221; body_font=&#8221;Montserrat||||||||&#8221; custom_padding=&#8221;||82px|||&#8221; filter_saturate=&#8221;79%&#8221; filter_sepia=&#8221;6%&#8221;]<\/p>\n<p>CCO &amp; Partner<\/p>\n<p>[\/et_pb_blurb][\/et_pb_column][et_pb_column type=&#8221;1_4&#8243; _builder_version=&#8221;4.3.3&#8243;][et_pb_blurb title=&#8221;Fredrik Dudek Knudsen&#8221; image=&#8221;https:\/\/concepto.dk\/wp-content\/uploads\/2022\/03\/IMG_0171.jpg&#8221; content_max_width=&#8221;431px&#8221; admin_label=&#8221;Member&#8221; _builder_version=&#8221;4.3.3&#8243; header_font=&#8221;Montserrat||||||||&#8221; header_line_height=&#8221;1.5em&#8221; body_font=&#8221;Montserrat||||||||&#8221; min_height=&#8221;339.4px&#8221; custom_padding=&#8221;||0px|||&#8221; filter_saturate=&#8221;79%&#8221; filter_sepia=&#8221;6%&#8221;]<\/p>\n<p>COO &amp; Partner<\/p>\n<p>[\/et_pb_blurb][\/et_pb_column][et_pb_column type=&#8221;1_4&#8243; _builder_version=&#8221;3.25&#8243; custom_padding=&#8221;|||&#8221; custom_padding__hover=&#8221;|||&#8221;][\/et_pb_column][\/et_pb_row][\/et_pb_section][et_pb_section fb_built=&#8221;1&#8243; admin_label=&#8221;Footer Section&#8221; _builder_version=&#8221;4.3.3&#8243; use_background_color_gradient=&#8221;on&#8221; background_color_gradient_start=&#8221;rgba(20,61,88,0.65)&#8221; background_color_gradient_end=&#8221;#143d58&#8243; background_color_gradient_overlays_image=&#8221;on&#8221; background_image=&#8221;https:\/\/concepto.dk\/wp-content\/uploads\/2022\/04\/business-g9f8abeaea_1920.jpg&#8221; custom_margin=&#8221;|||&#8221; custom_padding=&#8221;8vw|0px|8vw|0px&#8221; bottom_divider_style=&#8221;mountains2&#8243; bottom_divider_color=&#8221;rgba(5,41,66,0.3)&#8221; bottom_divider_height=&#8221;50%&#8221; animation_style=&#8221;slide&#8221; animation_direction=&#8221;bottom&#8221; animation_intensity_slide=&#8221;6%&#8221; animation_starting_opacity=&#8221;100%&#8221; saved_tabs=&#8221;all&#8221;][et_pb_row admin_label=&#8221;Footer Row&#8221; _builder_version=&#8221;3.25&#8243; custom_padding=&#8221;|||&#8221;][et_pb_column type=&#8221;4_4&#8243; _builder_version=&#8221;3.25&#8243; custom_padding=&#8221;|||&#8221; custom_padding__hover=&#8221;|||&#8221;][et_pb_text admin_label=&#8221;Title&#8221; _builder_version=&#8221;3.27.4&#8243; text_font=&#8221;Montserrat||||||||&#8221; text_text_color=&#8221;#a4bccb&#8221; text_font_size=&#8221;20px&#8221; text_line_height=&#8221;1.5em&#8221; header_font=&#8221;||||||||&#8221; header_2_font=&#8221;Montserrat||||||||&#8221; header_2_text_align=&#8221;center&#8221; header_2_line_height=&#8221;1.5em&#8221; header_3_font=&#8221;Montserrat|500|||||||&#8221; header_3_text_align=&#8221;center&#8221; header_3_font_size=&#8221;55px&#8221; header_3_line_height=&#8221;1.5em&#8221; text_orientation=&#8221;center&#8221; background_layout=&#8221;dark&#8221; max_width=&#8221;700px&#8221; module_alignment=&#8221;center&#8221; custom_margin=&#8221;||0px|&#8221; header_3_font_size_tablet=&#8221;60px&#8221; header_3_font_size_phone=&#8221;52px&#8221; header_3_font_size_last_edited=&#8221;on|tablet&#8221;]<\/p>\n<h2><\/h2>\n<h3>Tilfredshed er garenteret<\/h3>\n<p>[\/et_pb_text][\/et_pb_column][\/et_pb_row][et_pb_row admin_label=&#8221;CTA Row&#8221; _builder_version=&#8221;4.3.3&#8243; custom_padding=&#8221;|||&#8221;][et_pb_column type=&#8221;4_4&#8243; _builder_version=&#8221;3.25&#8243; custom_padding=&#8221;|||&#8221; custom_padding__hover=&#8221;|||&#8221;][et_pb_blurb image=&#8221;https:\/\/concepto.dk\/wp-content\/uploads\/2022\/03\/Call_icon.png&#8221; admin_label=&#8221;CTA&#8221; _builder_version=&#8221;4.3.3&#8243; header_font=&#8221;Montserrat||||||||&#8221; header_text_color=&#8221;#a4bccb&#8221; header_font_size=&#8221;20px&#8221; header_line_height=&#8221;1.5em&#8221; body_font=&#8221;Montserrat|500|||||||&#8221; body_text_align=&#8221;center&#8221; body_font_size=&#8221;30px&#8221; text_orientation=&#8221;center&#8221; background_layout=&#8221;dark&#8221; animation=&#8221;off&#8221;]<\/p>\n<p><a href=\"callto:\">+45 93202020<\/a><\/p>\n<p>eller<\/p>\n<p>[\/et_pb_blurb][et_pb_button button_text=&#8221;book en aftale online&#8221; button_alignment=&#8221;center&#8221; admin_label=&#8221;CTA Button&#8221; _builder_version=&#8221;4.3.3&#8243; custom_button=&#8221;on&#8221; button_text_size=&#8221;14px&#8221; button_text_color=&#8221;#ffffff&#8221; button_bg_color=&#8221;#f6961b&#8221; button_border_width=&#8221;12px&#8221; button_border_color=&#8221;#f6961b&#8221; button_border_radius=&#8221;2px&#8221; button_letter_spacing=&#8221;0px&#8221; button_font=&#8221;Montserrat|700||on|||||&#8221; custom_margin=&#8221;30px|||&#8221; custom_padding=&#8221;|||&#8221; button_border_radius_hover=&#8221;4px&#8221; locked=&#8221;off&#8221; button_text_size__hover_enabled=&#8221;off&#8221; button_one_text_size__hover_enabled=&#8221;off&#8221; button_two_text_size__hover_enabled=&#8221;off&#8221; button_text_color__hover_enabled=&#8221;off&#8221; button_one_text_color__hover_enabled=&#8221;off&#8221; button_two_text_color__hover_enabled=&#8221;off&#8221; button_border_width__hover_enabled=&#8221;off&#8221; button_one_border_width__hover_enabled=&#8221;off&#8221; button_two_border_width__hover_enabled=&#8221;off&#8221; button_border_color__hover_enabled=&#8221;off&#8221; button_one_border_color__hover_enabled=&#8221;off&#8221; button_two_border_color__hover_enabled=&#8221;off&#8221; button_border_radius__hover_enabled=&#8221;on&#8221; button_border_radius__hover=&#8221;4px&#8221; button_one_border_radius__hover_enabled=&#8221;off&#8221; button_two_border_radius__hover_enabled=&#8221;off&#8221; button_letter_spacing__hover_enabled=&#8221;off&#8221; button_one_letter_spacing__hover_enabled=&#8221;off&#8221; button_two_letter_spacing__hover_enabled=&#8221;off&#8221; button_bg_color__hover_enabled=&#8221;off&#8221; button_one_bg_color__hover_enabled=&#8221;off&#8221; button_two_bg_color__hover_enabled=&#8221;off&#8221;][\/et_pb_button][\/et_pb_column][\/et_pb_row][\/et_pb_section]<\/p>\n","protected":false},"excerpt":{"rendered":"<p>[et_pb_section fb_built=&#8221;1&#8243; disabled_on=&#8221;off|off|off&#8221; admin_label=&#8221;Header Section&#8221; _builder_version=&#8221;4.3.3&#8243; use_background_color_gradient=&#8221;on&#8221; background_color_gradient_start=&#8221;rgba(20,61,88,0.65)&#8221; background_color_gradient_end=&#8221;#143d58&#8243; background_color_gradient_overlays_image=&#8221;on&#8221; background_image=&#8221;https:\/\/concepto.dk\/wp-content\/uploads\/2022\/04\/business-g9f8abeaea_1920.jpg&#8221; custom_margin=&#8221;|||&#8221; custom_padding=&#8221;6vw|0px|6vw|0px&#8221; bottom_divider_style=&#8221;mountains2&#8243; bottom_divider_color=&#8221;rgba(5,41,66,0.3)&#8221; bottom_divider_height=&#8221;20vw&#8221; animation_style=&#8221;slide&#8221; animation_direction=&#8221;top&#8221; animation_intensity_slide=&#8221;3%&#8221; animation_starting_opacity=&#8221;100%&#8221;][et_pb_row disabled_on=&#8221;off|off|off&#8221; module_class=&#8221; et_pb_row_fullwidth&#8221; _builder_version=&#8221;3.25&#8243; width=&#8221;89%&#8221; width_tablet=&#8221;80%&#8221; width_phone=&#8221;&#8221; width_last_edited=&#8221;on|desktop&#8221; max_width=&#8221;89%&#8221; max_width_tablet=&#8221;80%&#8221; max_width_phone=&#8221;&#8221; max_width_last_edited=&#8221;on|desktop&#8221; custom_padding=&#8221;|||&#8221; make_fullwidth=&#8221;on&#8221;][et_pb_column type=&#8221;4_4&#8243; _builder_version=&#8221;3.25&#8243; custom_padding=&#8221;|||&#8221; custom_padding__hover=&#8221;|||&#8221;][et_pb_text disabled_on=&#8221;off|off|off&#8221; _builder_version=&#8221;3.27.4&#8243; text_font=&#8221;Montserrat||||||||&#8221; text_font_size=&#8221;22px&#8221; text_line_height=&#8221;1.8em&#8221; header_font=&#8221;Montserrat|600||on|||||&#8221; header_text_align=&#8221;center&#8221; header_font_size=&#8221;8vw&#8221; header_line_height=&#8221;1.5em&#8221; text_orientation=&#8221;center&#8221; background_layout=&#8221;dark&#8221; custom_margin=&#8221;|||&#8221; header_font_size_tablet=&#8221;50px&#8221; header_font_size_phone=&#8221;&#8221; header_font_size_last_edited=&#8221;on|desktop&#8221; header_line_height_tablet=&#8221;1.1em&#8221; header_line_height_phone=&#8221;1.2em&#8221; [&hellip;]<\/p>\n","protected":false},"author":1,"featured_media":0,"parent":0,"menu_order":0,"comment_status":"closed","ping_status":"closed","template":"","meta":{"_et_pb_use_builder":"on","_et_pb_old_content":"","_et_gb_content_width":""},"_links":{"self":[{"href":"https:\/\/concepto.dk\/index.php?rest_route=\/wp\/v2\/pages\/122"}],"collection":[{"href":"https:\/\/concepto.dk\/index.php?rest_route=\/wp\/v2\/pages"}],"about":[{"href":"https:\/\/concepto.dk\/index.php?rest_route=\/wp\/v2\/types\/page"}],"author":[{"embeddable":true,"href":"https:\/\/concepto.dk\/index.php?rest_route=\/wp\/v2\/users\/1"}],"replies":[{"embeddable":true,"href":"https:\/\/concepto.dk\/index.php?rest_route=%2Fwp%2Fv2%2Fcomments&post=122"}],"version-history":[{"count":12,"href":"https:\/\/concepto.dk\/index.php?rest_route=\/wp\/v2\/pages\/122\/revisions"}],"predecessor-version":[{"id":266,"href":"https:\/\/concepto.dk\/index.php?rest_route=\/wp\/v2\/pages\/122\/revisions\/266"}],"wp:attachment":[{"href":"https:\/\/concepto.dk\/index.php?rest_route=%2Fwp%2Fv2%2Fmedia&parent=122"}],"curies":[{"name":"wp","href":"https:\/\/api.w.org\/{rel}","templated":true}]}}